{"id":110,"date":"2025-03-21T13:42:53","date_gmt":"2025-03-21T13:42:53","guid":{"rendered":"https:\/\/kutschfahrten.hufbeschlag-mangold.ch\/?page_id=110"},"modified":"2025-03-28T15:01:19","modified_gmt":"2025-03-28T15:01:19","slug":"home","status":"publish","type":"page","link":"https:\/\/kutschfahrten.hufbeschlag-mangold.ch\/","title":{"rendered":"Home"},"content":{"rendered":"\t\t<div data-elementor-type=\"wp-page\" data-elementor-id=\"110\" class=\"elementor elementor-110\" data-elementor-post-type=\"page\">\n\t\t\t\t<div class=\"elementor-element elementor-element-06a7c0a e-flex e-con-boxed e-con e-parent\" data-id=\"06a7c0a\" data-element_type=\"container\">\n\t\t\t\t\t<div class=\"e-con-inner\">\n\t\t<div class=\"elementor-element elementor-element-640e601 e-con-full e-flex e-con e-child\" data-id=\"640e601\" data-element_type=\"container\" data-settings=\"{&quot;background_background&quot;:&quot;classic&quot;}\">\n\t\t\t\t<\/div>\n\t\t\t\t\t<\/div>\n\t\t\t\t<\/div>\n\t\t<div class=\"elementor-element elementor-element-09d3ca7 e-flex e-con-boxed e-con e-parent\" data-id=\"09d3ca7\" data-element_type=\"container\">\n\t\t\t\t\t<div class=\"e-con-inner\">\n\t\t<div class=\"elementor-element elementor-element-342238f e-con-full e-flex e-con e-child\" data-id=\"342238f\" data-element_type=\"container\">\n\t\t\t\t<div class=\"elementor-element elementor-element-fd71882 elementor-widget elementor-widget-heading\" data-id=\"fd71882\" data-element_type=\"widget\" data-widget_type=\"heading.default\">\n\t\t\t\t<div class=\"elementor-widget-container\">\n\t\t\t\t\t<h2 class=\"elementor-heading-title elementor-size-default\">Kutschfahrten Mangold<\/h2>\t\t\t\t<\/div>\n\t\t\t\t<\/div>\n\t\t\t\t<div class=\"elementor-element elementor-element-d21b16b elementor-widget__width-initial elementor-widget-laptop__width-inherit elementor-widget elementor-widget-text-editor\" data-id=\"d21b16b\" data-element_type=\"widget\" data-widget_type=\"text-editor.default\">\n\t\t\t\t<div class=\"elementor-widget-container\">\n\t\t\t\t\t\t\t\t\t<p>Lorem ipsum dolor sit amet, consetetur sadipscing elitr, sed diam nonumy eirmod tempor invidunt ut labore et dolore magna aliquyam erat, sed diam voluptua. At vero eos et accusam et justo duo dolores et ea rebum. Stet clita kasd gubergren, no sea takimata sanctus est Lorem ipsum dolor sit amet. Lorem ipsum dolor sit amet, consetetur sadipscing elitr, sed diam nonumy eirmod tempor invidunt ut labore et dolore magna aliquyam erat, sed diam voluptua. At vero eos et accusam et justo duo dolores et ea rebum.<\/p>\t\t\t\t\t\t\t\t<\/div>\n\t\t\t\t<\/div>\n\t\t\t\t<\/div>\n\t\t<div class=\"elementor-element elementor-element-d43d89d e-con-full e-flex e-con e-child\" data-id=\"d43d89d\" data-element_type=\"container\">\n\t\t\t\t<div class=\"elementor-element elementor-element-b496a0f elementor-widget elementor-widget-image\" data-id=\"b496a0f\" data-element_type=\"widget\" data-widget_type=\"image.default\">\n\t\t\t\t<div class=\"elementor-widget-container\">\n\t\t\t\t\t\t\t\t\t\t\t\t\t\t\t<img fetchpriority=\"high\" decoding=\"async\" width=\"225\" height=\"300\" src=\"https:\/\/kutschfahrten.hufbeschlag-mangold.ch\/wp-content\/uploads\/2025\/02\/olga-gasheva-IECVqwQBjbo-unsplash-225x300.jpg\" class=\"attachment-medium size-medium wp-image-26\" alt=\"\" srcset=\"https:\/\/kutschfahrten.hufbeschlag-mangold.ch\/wp-content\/uploads\/2025\/02\/olga-gasheva-IECVqwQBjbo-unsplash-225x300.jpg 225w, https:\/\/kutschfahrten.hufbeschlag-mangold.ch\/wp-content\/uploads\/2025\/02\/olga-gasheva-IECVqwQBjbo-unsplash-768x1024.jpg 768w, https:\/\/kutschfahrten.hufbeschlag-mangold.ch\/wp-content\/uploads\/2025\/02\/olga-gasheva-IECVqwQBjbo-unsplash-1152x1536.jpg 1152w, https:\/\/kutschfahrten.hufbeschlag-mangold.ch\/wp-content\/uploads\/2025\/02\/olga-gasheva-IECVqwQBjbo-unsplash-1536x2048.jpg 1536w, https:\/\/kutschfahrten.hufbeschlag-mangold.ch\/wp-content\/uploads\/2025\/02\/olga-gasheva-IECVqwQBjbo-unsplash-scaled.jpg 1920w\" sizes=\"(max-width: 225px) 100vw, 225px\" \/>\t\t\t\t\t\t\t\t\t\t\t\t\t\t\t<\/div>\n\t\t\t\t<\/div>\n\t\t\t\t<\/div>\n\t\t\t\t\t<\/div>\n\t\t\t\t<\/div>\n\t\t<div class=\"elementor-element elementor-element-fe113cf e-flex e-con-boxed e-con e-parent\" data-id=\"fe113cf\" data-element_type=\"container\" data-settings=\"{&quot;background_background&quot;:&quot;classic&quot;}\">\n\t\t\t\t\t<div class=\"e-con-inner\">\n\t\t<div class=\"elementor-element elementor-element-2ed2345 e-con-full e-flex e-con e-child\" data-id=\"2ed2345\" data-element_type=\"container\">\n\t\t\t\t<div class=\"elementor-element elementor-element-a30d007 elementor-cta--skin-classic elementor-animated-content elementor-bg-transform elementor-bg-transform-zoom-in elementor-widget elementor-widget-call-to-action\" data-id=\"a30d007\" data-element_type=\"widget\" data-widget_type=\"call-to-action.default\">\n\t\t\t\t<div class=\"elementor-widget-container\">\n\t\t\t\t\t\t\t<a class=\"elementor-cta\" href=\"https:\/\/kutschfahrten.hufbeschlag-mangold.ch\/?page_id=112\">\n\t\t\t\t\t<div class=\"elementor-cta__bg-wrapper\">\n\t\t\t\t<div class=\"elementor-cta__bg elementor-bg\" style=\"background-image: url(https:\/\/kutschfahrten.hufbeschlag-mangold.ch\/wp-content\/uploads\/2025\/03\/Foto-von-AS-Photography-1024x683.jpg);\" role=\"img\" aria-label=\"Foto von AS Photography\"><\/div>\n\t\t\t\t<div class=\"elementor-cta__bg-overlay\"><\/div>\n\t\t\t<\/div>\n\t\t\t\t\t\t\t<div class=\"elementor-cta__content\">\n\t\t\t\t\n\t\t\t\t\t\t\t\t\t<h2 class=\"elementor-cta__title elementor-cta__content-item elementor-content-item\">\n\t\t\t\t\t\tDein Event \t\t\t\t\t<\/h2>\n\t\t\t\t\n\t\t\t\t\t\t\t\t\t<div class=\"elementor-cta__description elementor-cta__content-item elementor-content-item\">\n\t\t\t\t\t\tOb Hochzeit, Geburtstag oder Firmenevent \u2013 unsere Kutschfahrten machen deinen besonderen Tag unvergesslich. Lehne dich zur\u00fcck und genie\u00dfe die Fahrt in stilvoller Atmosph\u00e4re.\t\t\t\t\t<\/div>\n\t\t\t\t\n\t\t\t\t\t\t\t\t\t<div class=\"elementor-cta__button-wrapper elementor-cta__content-item elementor-content-item \">\n\t\t\t\t\t<span class=\"elementor-cta__button elementor-button elementor-size-\">\n\t\t\t\t\t\tJetzt anfragen & Termin sichern\t\t\t\t\t<\/span>\n\t\t\t\t\t<\/div>\n\t\t\t\t\t\t\t<\/div>\n\t\t\t\t\t\t<\/a>\n\t\t\t\t\t\t<\/div>\n\t\t\t\t<\/div>\n\t\t\t\t<\/div>\n\t\t<div class=\"elementor-element elementor-element-feb1125 e-con-full e-flex e-con e-child\" data-id=\"feb1125\" data-element_type=\"container\">\n\t\t\t\t<div class=\"elementor-element elementor-element-4a719e6 elementor-cta--skin-classic elementor-animated-content elementor-bg-transform elementor-bg-transform-zoom-in elementor-widget elementor-widget-call-to-action\" data-id=\"4a719e6\" data-element_type=\"widget\" data-widget_type=\"call-to-action.default\">\n\t\t\t\t<div class=\"elementor-widget-container\">\n\t\t\t\t\t\t\t<a class=\"elementor-cta\" href=\"https:\/\/kutschfahrten.hufbeschlag-mangold.ch\/?page_id=112\">\n\t\t\t\t\t<div class=\"elementor-cta__bg-wrapper\">\n\t\t\t\t<div class=\"elementor-cta__bg elementor-bg\" style=\"background-image: url(https:\/\/kutschfahrten.hufbeschlag-mangold.ch\/wp-content\/uploads\/2025\/02\/clark-young-DZqtE4IrBg0-unsplash-1024x681.jpg);\" role=\"img\" aria-label=\"clark-young-DZqtE4IrBg0-unsplash\"><\/div>\n\t\t\t\t<div class=\"elementor-cta__bg-overlay\"><\/div>\n\t\t\t<\/div>\n\t\t\t\t\t\t\t<div class=\"elementor-cta__content\">\n\t\t\t\t\n\t\t\t\t\t\t\t\t\t<h2 class=\"elementor-cta__title elementor-cta__content-item elementor-content-item\">\n\t\t\t\t\t\tSaisonale Ausfahrten\t\t\t\t\t<\/h2>\n\t\t\t\t\n\t\t\t\t\t\t\t\t\t<div class=\"elementor-cta__description elementor-cta__content-item elementor-content-item\">\n\t\t\t\t\t\tErleben & Geniessen.<br>\nOb Blustfahrt im Fr\u00fchling oder ein Feierabendbier auf der Kutsche \u2013 genie\u00dfe die Jahreszeiten auf besondere Weise.\n<br><br>\t\t\t\t\t<\/div>\n\t\t\t\t\n\t\t\t\t\t\t\t\t\t<div class=\"elementor-cta__button-wrapper elementor-cta__content-item elementor-content-item \">\n\t\t\t\t\t<span class=\"elementor-cta__button elementor-button elementor-size-\">\n\t\t\t\t\t\tJetzt Termine checken und mitfahren!\t\t\t\t\t<\/span>\n\t\t\t\t\t<\/div>\n\t\t\t\t\t\t\t<\/div>\n\t\t\t\t\t\t<\/a>\n\t\t\t\t\t\t<\/div>\n\t\t\t\t<\/div>\n\t\t\t\t<\/div>\n\t\t\t\t\t<\/div>\n\t\t\t\t<\/div>\n\t\t<div class=\"elementor-element elementor-element-0709e26 e-flex e-con-boxed e-con e-parent\" data-id=\"0709e26\" data-element_type=\"container\">\n\t\t\t\t\t<div class=\"e-con-inner\">\n\t\t<div class=\"elementor-element elementor-element-ce8748e e-con-full e-flex e-con e-child\" data-id=\"ce8748e\" data-element_type=\"container\">\n\t\t<div class=\"elementor-element elementor-element-d61a443 e-con-full e-flex e-con e-child\" data-id=\"d61a443\" data-element_type=\"container\">\n\t\t\t\t<div class=\"elementor-element elementor-element-56459fa elementor-widget elementor-widget-heading\" data-id=\"56459fa\" data-element_type=\"widget\" data-widget_type=\"heading.default\">\n\t\t\t\t<div class=\"elementor-widget-container\">\n\t\t\t\t\t<h2 class=\"elementor-heading-title elementor-size-default\">Wir<\/h2>\t\t\t\t<\/div>\n\t\t\t\t<\/div>\n\t\t\t\t<div class=\"elementor-element elementor-element-af1caa6 elementor-widget__width-initial elementor-widget-laptop__width-inherit elementor-widget elementor-widget-text-editor\" data-id=\"af1caa6\" data-element_type=\"widget\" data-widget_type=\"text-editor.default\">\n\t\t\t\t<div class=\"elementor-widget-container\">\n\t\t\t\t\t\t\t\t\t<p>Lorem ipsum dolor sit amet, consetetur sadipscing elitr, sed diam nonumy eirmod tempor invidunt ut labore et dolore magna aliquyam erat, sed diam voluptua. At vero eos et accusam et justo duo dolores et ea rebum. Stet clita kasd gubergren, no sea takimata sanctus est Lorem ipsum dolor sit amet. Lorem ipsum dolor sit amet, consetetur sadipscing elitr, sed diam nonumy eirmod tempor invidunt ut labore et dolore magna aliquyam erat, sed diam voluptua. At vero eos et accusam et justo duo dolores et ea rebum. Stet clita kasd gubergren, no sea takimata sanctus est Lorem ipsum dolor sit amet. Lorem ipsum dolor sit amet, consetetur sadipscing elitr, sed diam nonumy eirmod tempor invidunt ut labore et dolore magna aliquyam erat, sed diam voluptua. At vero eos et accusam et justo duo dolores et ea rebum. Stet clita kasd gubergren, no sea takimata sanctus est Lorem ipsum dolor sit amet.<\/p><p>Duis autem vel eum iriure dolor in hendrerit in vulputate velit esse molestie consequat, vel illum dolore eu feugiat nulla facilisis at vero eros et accumsan et iusto<\/p>\t\t\t\t\t\t\t\t<\/div>\n\t\t\t\t<\/div>\n\t\t\t\t<\/div>\n\t\t\t\t<\/div>\n\t\t<div class=\"elementor-element elementor-element-a3a8d55 e-con-full e-flex e-con e-child\" data-id=\"a3a8d55\" data-element_type=\"container\">\n\t\t<div class=\"elementor-element elementor-element-350ccb9 e-grid e-con-full e-con e-child\" data-id=\"350ccb9\" data-element_type=\"container\">\n\t\t\t\t<div class=\"elementor-element elementor-element-642e876 elementor-widget__width-initial elementor-widget elementor-widget-image\" data-id=\"642e876\" data-element_type=\"widget\" data-widget_type=\"image.default\">\n\t\t\t\t<div class=\"elementor-widget-container\">\n\t\t\t\t\t\t\t\t\t\t\t\t<figure class=\"wp-caption\">\n\t\t\t\t\t\t\t\t\t\t<img decoding=\"async\" width=\"2560\" height=\"2560\" src=\"https:\/\/kutschfahrten.hufbeschlag-mangold.ch\/wp-content\/uploads\/2025\/03\/melissa-keizer-UM888LsURDU-unsplash-scaled.jpg\" class=\"attachment-full size-full wp-image-128\" alt=\"\" srcset=\"https:\/\/kutschfahrten.hufbeschlag-mangold.ch\/wp-content\/uploads\/2025\/03\/melissa-keizer-UM888LsURDU-unsplash-scaled.jpg 2560w, https:\/\/kutschfahrten.hufbeschlag-mangold.ch\/wp-content\/uploads\/2025\/03\/melissa-keizer-UM888LsURDU-unsplash-300x300.jpg 300w, https:\/\/kutschfahrten.hufbeschlag-mangold.ch\/wp-content\/uploads\/2025\/03\/melissa-keizer-UM888LsURDU-unsplash-1024x1024.jpg 1024w, https:\/\/kutschfahrten.hufbeschlag-mangold.ch\/wp-content\/uploads\/2025\/03\/melissa-keizer-UM888LsURDU-unsplash-150x150.jpg 150w, https:\/\/kutschfahrten.hufbeschlag-mangold.ch\/wp-content\/uploads\/2025\/03\/melissa-keizer-UM888LsURDU-unsplash-768x768.jpg 768w, https:\/\/kutschfahrten.hufbeschlag-mangold.ch\/wp-content\/uploads\/2025\/03\/melissa-keizer-UM888LsURDU-unsplash-1536x1536.jpg 1536w, https:\/\/kutschfahrten.hufbeschlag-mangold.ch\/wp-content\/uploads\/2025\/03\/melissa-keizer-UM888LsURDU-unsplash-2048x2048.jpg 2048w\" sizes=\"(max-width: 2560px) 100vw, 2560px\" \/>\t\t\t\t\t\t\t\t\t\t\t<figcaption class=\"widget-image-caption wp-caption-text\">Pferd 2<br> Zugpferd<\/figcaption>\n\t\t\t\t\t\t\t\t\t\t<\/figure>\n\t\t\t\t\t\t\t\t\t<\/div>\n\t\t\t\t<\/div>\n\t\t\t\t<div class=\"elementor-element elementor-element-e1efc96 elementor-widget__width-initial elementor-widget elementor-widget-image\" data-id=\"e1efc96\" data-element_type=\"widget\" data-widget_type=\"image.default\">\n\t\t\t\t<div class=\"elementor-widget-container\">\n\t\t\t\t\t\t\t\t\t\t\t\t<figure class=\"wp-caption\">\n\t\t\t\t\t\t\t\t\t\t<img decoding=\"async\" width=\"1631\" height=\"1631\" src=\"https:\/\/kutschfahrten.hufbeschlag-mangold.ch\/wp-content\/uploads\/2025\/03\/violeta-pencheva-wkZjjrcl9oo-unsplash.jpg\" class=\"attachment-full size-full wp-image-129\" alt=\"\" srcset=\"https:\/\/kutschfahrten.hufbeschlag-mangold.ch\/wp-content\/uploads\/2025\/03\/violeta-pencheva-wkZjjrcl9oo-unsplash.jpg 1631w, https:\/\/kutschfahrten.hufbeschlag-mangold.ch\/wp-content\/uploads\/2025\/03\/violeta-pencheva-wkZjjrcl9oo-unsplash-300x300.jpg 300w, https:\/\/kutschfahrten.hufbeschlag-mangold.ch\/wp-content\/uploads\/2025\/03\/violeta-pencheva-wkZjjrcl9oo-unsplash-1024x1024.jpg 1024w, https:\/\/kutschfahrten.hufbeschlag-mangold.ch\/wp-content\/uploads\/2025\/03\/violeta-pencheva-wkZjjrcl9oo-unsplash-150x150.jpg 150w, https:\/\/kutschfahrten.hufbeschlag-mangold.ch\/wp-content\/uploads\/2025\/03\/violeta-pencheva-wkZjjrcl9oo-unsplash-768x768.jpg 768w, https:\/\/kutschfahrten.hufbeschlag-mangold.ch\/wp-content\/uploads\/2025\/03\/violeta-pencheva-wkZjjrcl9oo-unsplash-1536x1536.jpg 1536w\" sizes=\"(max-width: 1631px) 100vw, 1631px\" \/>\t\t\t\t\t\t\t\t\t\t\t<figcaption class=\"widget-image-caption wp-caption-text\">Pferd 3<br> reitpferd<\/figcaption>\n\t\t\t\t\t\t\t\t\t\t<\/figure>\n\t\t\t\t\t\t\t\t\t<\/div>\n\t\t\t\t<\/div>\n\t\t\t\t<div class=\"elementor-element elementor-element-f510c2e elementor-widget__width-initial elementor-widget elementor-widget-image\" data-id=\"f510c2e\" data-element_type=\"widget\" data-widget_type=\"image.default\">\n\t\t\t\t<div class=\"elementor-widget-container\">\n\t\t\t\t\t\t\t\t\t\t\t\t<figure class=\"wp-caption\">\n\t\t\t\t\t\t\t\t\t\t<img loading=\"lazy\" decoding=\"async\" width=\"1653\" height=\"1653\" src=\"https:\/\/kutschfahrten.hufbeschlag-mangold.ch\/wp-content\/uploads\/2025\/03\/magdalena-smolnicka-MySy-2bd930-unsplash.jpg\" class=\"attachment-full size-full wp-image-127\" alt=\"\" srcset=\"https:\/\/kutschfahrten.hufbeschlag-mangold.ch\/wp-content\/uploads\/2025\/03\/magdalena-smolnicka-MySy-2bd930-unsplash.jpg 1653w, https:\/\/kutschfahrten.hufbeschlag-mangold.ch\/wp-content\/uploads\/2025\/03\/magdalena-smolnicka-MySy-2bd930-unsplash-300x300.jpg 300w, https:\/\/kutschfahrten.hufbeschlag-mangold.ch\/wp-content\/uploads\/2025\/03\/magdalena-smolnicka-MySy-2bd930-unsplash-1024x1024.jpg 1024w, https:\/\/kutschfahrten.hufbeschlag-mangold.ch\/wp-content\/uploads\/2025\/03\/magdalena-smolnicka-MySy-2bd930-unsplash-150x150.jpg 150w, https:\/\/kutschfahrten.hufbeschlag-mangold.ch\/wp-content\/uploads\/2025\/03\/magdalena-smolnicka-MySy-2bd930-unsplash-768x768.jpg 768w, https:\/\/kutschfahrten.hufbeschlag-mangold.ch\/wp-content\/uploads\/2025\/03\/magdalena-smolnicka-MySy-2bd930-unsplash-1536x1536.jpg 1536w\" sizes=\"(max-width: 1653px) 100vw, 1653px\" \/>\t\t\t\t\t\t\t\t\t\t\t<figcaption class=\"widget-image-caption wp-caption-text\">Pferd 1<br> Zugpferd<\/figcaption>\n\t\t\t\t\t\t\t\t\t\t<\/figure>\n\t\t\t\t\t\t\t\t\t<\/div>\n\t\t\t\t<\/div>\n\t\t\t\t<div class=\"elementor-element elementor-element-13460a0 elementor-widget__width-initial elementor-widget elementor-widget-image\" data-id=\"13460a0\" data-element_type=\"widget\" data-widget_type=\"image.default\">\n\t\t\t\t<div class=\"elementor-widget-container\">\n\t\t\t\t\t\t\t\t\t\t\t\t<figure class=\"wp-caption\">\n\t\t\t\t\t\t\t\t\t\t<img loading=\"lazy\" decoding=\"async\" width=\"2560\" height=\"2560\" src=\"https:\/\/kutschfahrten.hufbeschlag-mangold.ch\/wp-content\/uploads\/2025\/03\/Portrait-Michi_quadrat--scaled.jpg\" class=\"attachment-full size-full wp-image-126\" alt=\"\" srcset=\"https:\/\/kutschfahrten.hufbeschlag-mangold.ch\/wp-content\/uploads\/2025\/03\/Portrait-Michi_quadrat--scaled.jpg 2560w, https:\/\/kutschfahrten.hufbeschlag-mangold.ch\/wp-content\/uploads\/2025\/03\/Portrait-Michi_quadrat--300x300.jpg 300w, https:\/\/kutschfahrten.hufbeschlag-mangold.ch\/wp-content\/uploads\/2025\/03\/Portrait-Michi_quadrat--1024x1024.jpg 1024w, https:\/\/kutschfahrten.hufbeschlag-mangold.ch\/wp-content\/uploads\/2025\/03\/Portrait-Michi_quadrat--150x150.jpg 150w, https:\/\/kutschfahrten.hufbeschlag-mangold.ch\/wp-content\/uploads\/2025\/03\/Portrait-Michi_quadrat--768x768.jpg 768w, https:\/\/kutschfahrten.hufbeschlag-mangold.ch\/wp-content\/uploads\/2025\/03\/Portrait-Michi_quadrat--1536x1536.jpg 1536w, https:\/\/kutschfahrten.hufbeschlag-mangold.ch\/wp-content\/uploads\/2025\/03\/Portrait-Michi_quadrat--2048x2048.jpg 2048w, https:\/\/kutschfahrten.hufbeschlag-mangold.ch\/wp-content\/uploads\/2025\/03\/elementor\/thumbs\/Portrait-Michi_quadrat--scaled-r36ur1133ytdeloyki9secols2m04kk49z5bpsmsi8.jpg 200w\" sizes=\"(max-width: 2560px) 100vw, 2560px\" \/>\t\t\t\t\t\t\t\t\t\t\t<figcaption class=\"widget-image-caption wp-caption-text\">Michi Mangold <br>Kutscher<\/figcaption>\n\t\t\t\t\t\t\t\t\t\t<\/figure>\n\t\t\t\t\t\t\t\t\t<\/div>\n\t\t\t\t<\/div>\n\t\t\t\t<\/div>\n\t\t\t\t<\/div>\n\t\t\t\t\t<\/div>\n\t\t\t\t<\/div>\n\t\t<div class=\"elementor-element elementor-element-7798557 e-flex e-con-boxed e-con e-parent\" data-id=\"7798557\" data-element_type=\"container\" data-settings=\"{&quot;background_background&quot;:&quot;classic&quot;}\">\n\t\t\t\t\t<div class=\"e-con-inner\">\n\t\t\t\t\t<\/div>\n\t\t\t\t<\/div>\n\t\t<div class=\"elementor-element elementor-element-712d8f2 e-flex e-con-boxed e-con e-parent\" data-id=\"712d8f2\" data-element_type=\"container\" id=\"kontakt\" data-settings=\"{&quot;background_background&quot;:&quot;classic&quot;}\">\n\t\t\t\t\t<div class=\"e-con-inner\">\n\t\t\t\t<div class=\"elementor-element elementor-element-088538f elementor-widget elementor-widget-heading\" data-id=\"088538f\" data-element_type=\"widget\" data-widget_type=\"heading.default\">\n\t\t\t\t<div class=\"elementor-widget-container\">\n\t\t\t\t\t<h2 class=\"elementor-heading-title elementor-size-default\">Kontakt<\/h2>\t\t\t\t<\/div>\n\t\t\t\t<\/div>\n\t\t<div class=\"elementor-element elementor-element-f14a6f5 e-con-full e-flex e-con e-child\" data-id=\"f14a6f5\" data-element_type=\"container\">\n\t\t\t\t<div class=\"elementor-element elementor-element-06f051b elementor-widget__width-initial elementor-widget elementor-widget-text-editor\" data-id=\"06f051b\" data-element_type=\"widget\" data-widget_type=\"text-editor.default\">\n\t\t\t\t<div class=\"elementor-widget-container\">\n\t\t\t\t\t\t\t\t\t<p>Kutschfahrten Mangold<br \/>Michael Mangold<br \/>Keltenweg<br \/>4460 Gelterkinden<br \/>Tel: +41 777 77 77<br \/>Mail: info@michi.ch<\/p>\t\t\t\t\t\t\t\t<\/div>\n\t\t\t\t<\/div>\n\t\t\t\t<div class=\"elementor-element elementor-element-d419466 elementor-widget__width-initial elementor-widget elementor-widget-google_maps\" data-id=\"d419466\" data-element_type=\"widget\" data-widget_type=\"google_maps.default\">\n\t\t\t\t<div class=\"elementor-widget-container\">\n\t\t\t\t\t\t\t<div class=\"elementor-custom-embed\">\n\t\t\t<iframe loading=\"lazy\"\n\t\t\t\t\tsrc=\"https:\/\/maps.google.com\/maps?q=keltenweg%2C%204460%20Gelterkinden&#038;t=m&#038;z=10&#038;output=embed&#038;iwloc=near\"\n\t\t\t\t\ttitle=\"keltenweg, 4460 Gelterkinden\"\n\t\t\t\t\taria-label=\"keltenweg, 4460 Gelterkinden\"\n\t\t\t><\/iframe>\n\t\t<\/div>\n\t\t\t\t\t\t<\/div>\n\t\t\t\t<\/div>\n\t\t\t\t<div class=\"elementor-element elementor-element-98b81ce elementor-shape-rounded elementor-grid-0 e-grid-align-center elementor-widget elementor-widget-social-icons\" data-id=\"98b81ce\" data-element_type=\"widget\" data-widget_type=\"social-icons.default\">\n\t\t\t\t<div class=\"elementor-widget-container\">\n\t\t\t\t\t\t\t<div class=\"elementor-social-icons-wrapper elementor-grid\">\n\t\t\t\t\t\t\t<span class=\"elementor-grid-item\">\n\t\t\t\t\t<a class=\"elementor-icon elementor-social-icon elementor-social-icon-facebook elementor-repeater-item-28a85b8\" target=\"_blank\">\n\t\t\t\t\t\t<span class=\"elementor-screen-only\">Facebook<\/span>\n\t\t\t\t\t\t<svg class=\"e-font-icon-svg e-fab-facebook\" viewBox=\"0 0 512 512\" xmlns=\"http:\/\/www.w3.org\/2000\/svg\"><path d=\"M504 256C504 119 393 8 256 8S8 119 8 256c0 123.78 90.69 226.38 209.25 245V327.69h-63V256h63v-54.64c0-62.15 37-96.48 93.67-96.48 27.14 0 55.52 4.84 55.52 4.84v61h-31.28c-30.8 0-40.41 19.12-40.41 38.73V256h68.78l-11 71.69h-57.78V501C413.31 482.38 504 379.78 504 256z\"><\/path><\/svg>\t\t\t\t\t<\/a>\n\t\t\t\t<\/span>\n\t\t\t\t\t\t\t<span class=\"elementor-grid-item\">\n\t\t\t\t\t<a class=\"elementor-icon elementor-social-icon elementor-social-icon-instagram elementor-repeater-item-fa95a1c\" target=\"_blank\">\n\t\t\t\t\t\t<span class=\"elementor-screen-only\">Instagram<\/span>\n\t\t\t\t\t\t<svg class=\"e-font-icon-svg e-fab-instagram\" viewBox=\"0 0 448 512\" xmlns=\"http:\/\/www.w3.org\/2000\/svg\"><path d=\"M224.1 141c-63.6 0-114.9 51.3-114.9 114.9s51.3 114.9 114.9 114.9S339 319.5 339 255.9 287.7 141 224.1 141zm0 189.6c-41.1 0-74.7-33.5-74.7-74.7s33.5-74.7 74.7-74.7 74.7 33.5 74.7 74.7-33.6 74.7-74.7 74.7zm146.4-194.3c0 14.9-12 26.8-26.8 26.8-14.9 0-26.8-12-26.8-26.8s12-26.8 26.8-26.8 26.8 12 26.8 26.8zm76.1 27.2c-1.7-35.9-9.9-67.7-36.2-93.9-26.2-26.2-58-34.4-93.9-36.2-37-2.1-147.9-2.1-184.9 0-35.8 1.7-67.6 9.9-93.9 36.1s-34.4 58-36.2 93.9c-2.1 37-2.1 147.9 0 184.9 1.7 35.9 9.9 67.7 36.2 93.9s58 34.4 93.9 36.2c37 2.1 147.9 2.1 184.9 0 35.9-1.7 67.7-9.9 93.9-36.2 26.2-26.2 34.4-58 36.2-93.9 2.1-37 2.1-147.8 0-184.8zM398.8 388c-7.8 19.6-22.9 34.7-42.6 42.6-29.5 11.7-99.5 9-132.1 9s-102.7 2.6-132.1-9c-19.6-7.8-34.7-22.9-42.6-42.6-11.7-29.5-9-99.5-9-132.1s-2.6-102.7 9-132.1c7.8-19.6 22.9-34.7 42.6-42.6 29.5-11.7 99.5-9 132.1-9s102.7-2.6 132.1 9c19.6 7.8 34.7 22.9 42.6 42.6 11.7 29.5 9 99.5 9 132.1s2.7 102.7-9 132.1z\"><\/path><\/svg>\t\t\t\t\t<\/a>\n\t\t\t\t<\/span>\n\t\t\t\t\t<\/div>\n\t\t\t\t\t\t<\/div>\n\t\t\t\t<\/div>\n\t\t\t\t<\/div>\n\t\t\t\t\t<\/div>\n\t\t\t\t<\/div>\n\t\t\t\t<\/div>\n\t\t","protected":false},"excerpt":{"rendered":"<p>Kutschfahrten Mangold Lorem ipsum dolor sit amet, consetetur sadipscing elitr, sed diam nonumy eirmod tempor invidunt ut labore et dolore magna aliquyam erat, sed diam voluptua. At vero eos et [&hellip;]<\/p>\n","protected":false},"author":1,"featured_media":0,"parent":0,"menu_order":0,"comment_status":"closed","ping_status":"closed","template":"","meta":{"footnotes":""},"class_list":["post-110","page","type-page","status-publish","hentry"],"_links":{"self":[{"href":"https:\/\/kutschfahrten.hufbeschlag-mangold.ch\/index.php?rest_route=\/wp\/v2\/pages\/110","targetHints":{"allow":["GET"]}}],"collection":[{"href":"https:\/\/kutschfahrten.hufbeschlag-mangold.ch\/index.php?rest_route=\/wp\/v2\/pages"}],"about":[{"href":"https:\/\/kutschfahrten.hufbeschlag-mangold.ch\/index.php?rest_route=\/wp\/v2\/types\/page"}],"author":[{"embeddable":true,"href":"https:\/\/kutschfahrten.hufbeschlag-mangold.ch\/index.php?rest_route=\/wp\/v2\/users\/1"}],"replies":[{"embeddable":true,"href":"https:\/\/kutschfahrten.hufbeschlag-mangold.ch\/index.php?rest_route=%2Fwp%2Fv2%2Fcomments&post=110"}],"version-history":[{"count":25,"href":"https:\/\/kutschfahrten.hufbeschlag-mangold.ch\/index.php?rest_route=\/wp\/v2\/pages\/110\/revisions"}],"predecessor-version":[{"id":227,"href":"https:\/\/kutschfahrten.hufbeschlag-mangold.ch\/index.php?rest_route=\/wp\/v2\/pages\/110\/revisions\/227"}],"wp:attachment":[{"href":"https:\/\/kutschfahrten.hufbeschlag-mangold.ch\/index.php?rest_route=%2Fwp%2Fv2%2Fmedia&parent=110"}],"curies":[{"name":"wp","href":"https:\/\/api.w.org\/{rel}","templated":true}]}}